{"id":119,"date":"2012-12-17T14:41:51","date_gmt":"2012-12-17T13:41:51","guid":{"rendered":"http:\/\/www.sabinevod-bosch.be\/wordpress\/?page_id=119"},"modified":"2022-10-24T12:38:55","modified_gmt":"2022-10-24T10:38:55","slug":"illustrations-editions","status":"publish","type":"page","link":"https:\/\/sabinevod-bosch.be\/wordpress\/illustrations-editions\/","title":{"rendered":"Editions de la Minorit\u00e9 silencieuse"},"content":{"rendered":"<div>\n<p><strong><img loading=\"lazy\" decoding=\"async\" class=\"alignleft size-medium wp-image-269\" src=\"https:\/\/www.sabinevod-bosch.be\/wordpress\/wp-content\/uploads\/sabine-emile-269x300.jpg\" alt=\"Sabine van op den Bosch et Emile Lemaire\" width=\"269\" height=\"300\"> <img loading=\"lazy\" decoding=\"async\" class=\"alignright size-medium wp-image-275\" src=\"https:\/\/www.sabinevod-bosch.be\/wordpress\/wp-content\/uploads\/minorite-silencieuse-web-290x300.jpg\" alt=\"Editions de la Minorit\u00e9 silencieuse logo\" width=\"290\" height=\"300\">LES EDITIONS DE LA MINORITE SILENCIEUSE<\/strong>, depuis 1991, assurent l&rsquo;impression de cartes de voeux d&rsquo;art \u00e9dit\u00e9es \u00e0 350 exemplaires qui ne sont pas commercialis\u00e9es et sont uniquement destin\u00e9es aux amis et aux sympathisants de l&rsquo;artiste. Ses concepteurs, l&rsquo;artiste et son mari, l&rsquo;auteur Emile Lemaire, ont \u00e9galement publi\u00e9 une monographie <em><strong>SABINE VAN OP DEN BOSCH<\/strong><\/em> en 1992.<br \/>\nEn 2002, est sorti <em><strong>EN<\/strong><\/em>&nbsp;<em><strong>CROISIERE D&rsquo;IMPOSTURE<\/strong><\/em> illustr\u00e9e de reproductions de l&rsquo;oeuvre peint de Sabine et agr\u00e9ment\u00e9e de textes po\u00e9tiques du m\u00eame auteur, ainsi qu&rsquo;un ex-libris imprim\u00e9 sur papier verg\u00e9 \u00e0 l&rsquo;effigie d&rsquo;Emile Lemaire en sa biblioth\u00e8que.<\/p>\n<\/div>\n<div align=\"center\"><a href=\"https:\/\/www.sabinevod-bosch.be\/wordpress\/illustrations-editions\/publications\/\"><img loading=\"lazy\" decoding=\"async\" id=\"bt-style\" class=\"alignnone wp-image-191 size-full\" title=\"Publications\" src=\"https:\/\/www.sabinevod-bosch.be\/wordpress\/wp-content\/uploads\/bt-illu-publications.jpg\" alt=\"Publications\" width=\"200\" height=\"400\"><\/a><a title=\"Cartes de voeux\" href=\"https:\/\/www.sabinevod-bosch.be\/wordpress\/illustrations-editions\/cartes-de-voeux\/\" rel=\"attachment wp-att-194\"><img loading=\"lazy\" decoding=\"async\" id=\"bt-style\" class=\"alignnone wp-image-194 size-full\" src=\"https:\/\/www.sabinevod-bosch.be\/wordpress\/wp-content\/uploads\/bt-illu-cartes.jpg\" alt=\"bt-illu-cartes\" width=\"200\" height=\"400\"><\/a> <a title=\"Affiches\" href=\"https:\/\/www.sabinevod-bosch.be\/wordpress\/illustrations-editions\/affiches\/\" rel=\"attachment wp-att-193\"><img loading=\"lazy\" decoding=\"async\" id=\"bt-style\" class=\"alignnone wp-image-193 size-full\" src=\"https:\/\/www.sabinevod-bosch.be\/wordpress\/wp-content\/uploads\/bt-illu-affiches.jpg\" alt=\"bt-illu-affiches\" width=\"200\" height=\"400\"><\/a> <a title=\"Illustrations\" href=\"https:\/\/www.sabinevod-bosch.be\/wordpress\/illustrations-editions\/illustrations\/\" rel=\"attachment wp-att-192\"><img loading=\"lazy\" decoding=\"async\" id=\"bt-style\" class=\"alignnone wp-image-192 size-full\" src=\"https:\/\/www.sabinevod-bosch.be\/wordpress\/wp-content\/uploads\/bt-illu-illustrations.jpg\" alt=\"bt-illu-illustrations\" width=\"200\" height=\"400\"><\/a><\/div>\n<p style=\"text-align: center; font-size: 24px; font-weight: bold;\"><a href=\"#top\"><strong>^<\/strong><\/a><\/p>\n","protected":false},"excerpt":{"rendered":"<p>LES EDITIONS DE LA MINORITE SILENCIEUSE, depuis 1991, assurent l&rsquo;impression de cartes de voeux d&rsquo;art \u00e9dit\u00e9es \u00e0 350 exemplaires qui ne sont pas commercialis\u00e9es et sont uniquement destin\u00e9es aux amis et aux sympathisants de l&rsquo;artiste. Ses concepteurs, l&rsquo;artiste et son mari, l&rsquo;auteur Emile Lemaire, ont \u00e9galement publi\u00e9 une monographie SABINE VAN OP DEN BOSCH en [&hellip;]<\/p>\n","protected":false},"author":1,"featured_media":0,"parent":0,"menu_order":0,"comment_status":"closed","ping_status":"closed","template":"page-templates\/full-width.php","meta":{"footnotes":""},"class_list":["post-119","page","type-page","status-publish","hentry"],"jetpack_sharing_enabled":true,"_links":{"self":[{"href":"https:\/\/sabinevod-bosch.be\/wordpress\/wp-json\/wp\/v2\/pages\/119","targetHints":{"allow":["GET"]}}],"collection":[{"href":"https:\/\/sabinevod-bosch.be\/wordpress\/wp-json\/wp\/v2\/pages"}],"about":[{"href":"https:\/\/sabinevod-bosch.be\/wordpress\/wp-json\/wp\/v2\/types\/page"}],"author":[{"embeddable":true,"href":"https:\/\/sabinevod-bosch.be\/wordpress\/wp-json\/wp\/v2\/users\/1"}],"replies":[{"embeddable":true,"href":"https:\/\/sabinevod-bosch.be\/wordpress\/wp-json\/wp\/v2\/comments?post=119"}],"version-history":[{"count":2,"href":"https:\/\/sabinevod-bosch.be\/wordpress\/wp-json\/wp\/v2\/pages\/119\/revisions"}],"predecessor-version":[{"id":2864,"href":"https:\/\/sabinevod-bosch.be\/wordpress\/wp-json\/wp\/v2\/pages\/119\/revisions\/2864"}],"wp:attachment":[{"href":"https:\/\/sabinevod-bosch.be\/wordpress\/wp-json\/wp\/v2\/media?parent=119"}],"curies":[{"name":"wp","href":"https:\/\/api.w.org\/{rel}","templated":true}]}}