{"id":2,"date":"2012-12-15T13:51:35","date_gmt":"2012-12-15T13:51:35","guid":{"rendered":"http:\/\/www.sabinevod-bosch.be\/wordpress\/?page_id=2"},"modified":"2022-10-24T12:46:27","modified_gmt":"2022-10-24T10:46:27","slug":"presentation","status":"publish","type":"page","link":"https:\/\/sabinevod-bosch.be\/wordpress\/presentation\/","title":{"rendered":"Pr\u00e9sentation"},"content":{"rendered":"\n<h2 class=\"wp-block-heading\"><figure><img loading=\"lazy\" decoding=\"async\" class=\"alignleft size-medium wp-image-390\" src=\"https:\/\/www.sabinevod-bosch.be\/wordpress\/wp-content\/uploads\/sabine-furioso-blanc-web-300x291.jpg\" alt=\"Sabine Van op den Bosch\" width=\"300\" height=\"291\"><\/figure><\/h2>\n\n\n\n<p>SABINE VAN OP DEN&nbsp; BOSCH.<\/p>\n\n\n\n<p>Peintre, dessinatrice, pastelliste. Autodidacte. Dessine depuis 1972.<\/p>\n\n\n\n<p>A expos\u00e9 pour la premi\u00e8re fois \u00e0 Li\u00e8ge en 1979.<\/p>\n\n\n\n<p>C\u2019est \u00e0 la peinture acrylique qu\u2019elle&nbsp; saisit aussi bien les paysages d\u2019un atlas r\u00eav\u00e9 qu\u2019un bestiaire de cr\u00e9atures chim\u00e9riques ou un monde v\u00e9g\u00e9tal surprenant. Elle dresse \u00e9galement&nbsp; les portraits d\u2019\u00eatres \u00e9tranges \u00e0 la physionomie inqui\u00e9tante.<\/p>\n\n\n\n<p>Son dessin, minutieux \u00e0 la fa\u00e7on de Pierre Joseph Redout\u00e9, s\u2019est principalement consacr\u00e9&nbsp; depuis&nbsp; quelques ann\u00e9es, sans toutefois d\u00e9laisser d\u2019autres sujets,&nbsp; \u00e0 la cr\u00e9ation d\u2019une GRANDE FLORE IMAGINAIRE qui doit permettre \u00e0 cette amoureuse des arts du jardin de&nbsp; recenser tous ses plus beaux r\u00eaves botaniques.<\/p>\n\n\n\n<h2 class=\"wp-block-heading\">EXPOSITIONS PERSONNELLES<\/h2>\n\n\n\n<figure class=\"wp-block-table\"><table><tbody><tr><td>GALERIE VALERE GUSTIN, LIEGE<\/td><td>MARS 1979<\/td><\/tr><tr><td>GALERIE PRIMAVER, VERVIERS<\/td><td>NOVEMBRE 1980<\/td><\/tr><tr><td>GALERIE L&rsquo;ANGLE AIGU, BRUXELLES<\/td><td>NOVEMBRE 1981<\/td><\/tr><tr><td>GALERIE L&rsquo;ANGLE AIGU, BRUXELLES<\/td><td>NOVEMBRE 1984<\/td><\/tr><tr><td>GALERIE LIERHMANN, LIEGE<\/td><td>NOVEMBRE 1993<\/td><\/tr><tr><td>GALERIE LA MAROTTE, THEUX<\/td><td>NOVEMBRE 1995<\/td><\/tr><tr><td>GALERIE REINOLD KETELBUTERS, BRUXELLES (Sablon)<\/td><td>MARS 1998<\/td><\/tr><tr><td>ARCHES GALLERY, LIEGE<\/td><td>MAI 1999<\/td><\/tr><tr><td>GALERIE LIERHMANN, LIEGE<\/td><td>SEPTEMBRE 2002<\/td><\/tr><tr><td>GALERIE L&rsquo;ATELIER D&rsquo;EMMANUELLE, LIEGE<\/td><td>FEVRIER 2005<\/td><\/tr><tr><td>ESPACE CULTURE, OUPEYE<\/td><td>MARS 2006<\/td><\/tr><tr><td>ESPACE BONHOMME, LIEGE<\/td><td>NOVEMBRE 2006<\/td><\/tr><tr><td>ESPACE BONHOMME, LIEGE<\/td><td>DECEMBRE 2008<\/td><\/tr><tr><td><a title=\"Reportage vid\u00e9o sur Sabine van op den Bosch sur TeleVesdre\" href=\"http:\/\/www.sabinevod-bosch.be\/wordpress\/sabine-van-op-den-bosch-reportage-video\/\">SOCIETE ROYALE D&rsquo;HARMONIE, VERVIERS<\/a><\/td><td>FEVRIER 2013<\/td><\/tr><tr><td>GALERIE PRINCE DE COND\u00c9, SPA<\/td><td>SEPTEMBRE 2016<\/td><\/tr><tr><td>S\u00c9PULCRINES, VIS\u00c9<\/td><td>SEPTEMBRE 2020<\/td><\/tr><tr><td>GALERIE PRINCE DE COND\u00c9, SPA<\/td><td>OCTOBRE 2021<\/td><\/tr><\/tbody><\/table><\/figure>\n\n\n\n<h2 class=\"wp-block-heading\">PARTICIPATIONS COLLECTIVES<\/h2>\n\n\n\n<figure class=\"wp-block-table\"><table><tbody><tr><td>MOMALIA, MOMALLE<\/td><td>AOUT 1979<\/td><\/tr><tr><td>ETAT PRESENT, LIEGE<\/td><td>OCTOBRE 1980<\/td><\/tr><tr><td>GALERIE DE L&rsquo;AXE, LIEGE<\/td><td>AOUT 1981<\/td><\/tr><tr><td>MEDIART&rsquo;S, LIEGE<\/td><td>MAI 1995<\/td><\/tr><tr><td>MEDIART&rsquo;S, LIEGE<\/td><td>AVRIL 1997<\/td><\/tr><tr><td>EMULATION, VERVIERS<\/td><td>AOUT 1999<\/td><\/tr><tr><td>CENTRE CULTUREL DES CHIROUX (Louv&rsquo;Art), LIEGE<\/td><td>OCTOBRE 1999<\/td><\/tr><tr><td>ARCHES GALLERY, LIEGE<\/td><td>DECEMBRE 1999<\/td><\/tr><tr><td>GALERIE LIERHMANN (Mani\u00e8re de Sph\u00e8re), LIEGE<\/td><td>JANVIER 2000<\/td><\/tr><tr><td>REG&rsquo;ART 2000, FLERON<\/td><td>DECEMBRE&nbsp;2000<\/td><\/tr><tr><td>SOLIDARITE VIETNAM PLUS, BRUXELLES<\/td><td>MAI 2001<\/td><\/tr><tr><td>GALERIE LIERHMANN (De l&rsquo;Art dans l&rsquo;Air), LIEGE<\/td><td>AOUT 2002<\/td><\/tr><tr><td>GALERIE LIERHMANN (Autoportraits), LIEGE<\/td><td>AOUT 2003<\/td><\/tr><tr><td>MOMALIA, MOMALLE<\/td><td>SEPTEMBRE 2003<\/td><\/tr><tr><td>ART HOME (M\u00e9galopaul), OUPEYE<\/td><td>NOVEMBRE 2003<\/td><\/tr><tr><td>TECHNIFUTUR, ANGLEUR (Sart-Tilman)<\/td><td>AVRIL 2007<\/td><\/tr><tr><td>ART CHINOIS ANCIEN ET ART LIEGEOIS ACTUEL, VISE<\/td><td>FEVRIER 2011<\/td><\/tr><tr><td>FETE DES PLANTES AU CH\u00c2TEAU DU SARTAY, EMBOURG<\/td><td>JUIN 2011<\/td><\/tr><tr><td>FETE DES PLANTES AU CH\u00c4TEAU D\u2019ENGLEBERMONT, NEUPRE<\/td><td>JUIN 2012<\/td><\/tr><tr><td>Expo CONTRASTE ART CHINOIS ANCIEN &#8211; ART MOSAN ACTUEL,&nbsp;YVOIR<\/td><td>JUIN 2012<\/td><\/tr><tr><td>ENVOZ&rsquo;ART, COUTHUIN<\/td><td>NOVEMBRE 2013<\/td><\/tr><tr><td>CONTRASTE &#8211;&nbsp;ART CHINOIS ANCIEN ET ART MOSAN ACTUEL, VISE<\/td><td>MAI 2014<\/td><\/tr><tr><td>FINE ART LIEGE &#8211; SALON D&rsquo;ART ET D&rsquo;ANTIQUITES<\/td><td>OCTOBRE 2015<\/td><\/tr><tr><td>EXPOSITION REG&rsquo;ART ACTUEL BRUGES<\/td><td>JUIN 2016<\/td><\/tr><tr><td>ENVOZ&rsquo;ART 2016, COUTHUIN<\/td><td>NOVEMBRE 2016<\/td><\/tr><tr><td>LES ARTS VISIONNAIRES, CHATEAU DE WAROUX (ANS)<strong><br><\/strong><\/td><td>SEPTEMBRE 2017<\/td><\/tr><tr><td><strong>HOMMAGE A DENISE DEPREZ, SOCIETE ROYALE D&rsquo;HARMONIE DE VERVIERS<br><\/strong><\/td><td><strong>NOVEMBRE 2017<\/strong><\/td><\/tr><\/tbody><\/table><\/figure>\n\n\n\n<p><strong>Cimaises permanentes au restaurant&nbsp; gastronomique&nbsp; LE VERCOQUIN<\/strong><br>Rue de Warsage, 2&nbsp;&nbsp;&nbsp; 4607-BERNEAU<\/p>\n\n\n\n<h2 class=\"wp-block-heading\">\u0152UVRES ACQUISES PAR LES POUVOIRS PUBLICS&nbsp;:<\/h2>\n\n\n\n<p>NAISSANCE D\u2019UN ORGUEIL Dessin \u00e0 la mine de plomb 1981 Cabinet des Estampes de la Ville&nbsp; Bruxelles<br>MON FAUST Dessin technique mixte 2002 Gouvernement Provincial de Li\u00e8ge<\/p>\n\n\n\n<p><a href=\"#top\"><strong>^<\/strong><\/a><\/p>\n","protected":false},"excerpt":{"rendered":"<p>SABINE VAN OP DEN&nbsp; BOSCH. Peintre, dessinatrice, pastelliste. Autodidacte. Dessine depuis 1972. A expos\u00e9 pour la premi\u00e8re fois \u00e0 Li\u00e8ge en 1979. C\u2019est \u00e0 la peinture acrylique qu\u2019elle&nbsp; saisit aussi bien les paysages d\u2019un atlas r\u00eav\u00e9 qu\u2019un bestiaire de cr\u00e9atures chim\u00e9riques ou un monde v\u00e9g\u00e9tal surprenant. Elle dresse \u00e9galement&nbsp; les portraits d\u2019\u00eatres \u00e9tranges \u00e0 la [&hellip;]<\/p>\n","protected":false},"author":1,"featured_media":0,"parent":0,"menu_order":0,"comment_status":"closed","ping_status":"closed","template":"page-templates\/full-width.php","meta":{"footnotes":""},"class_list":["post-2","page","type-page","status-publish","hentry"],"jetpack_sharing_enabled":true,"_links":{"self":[{"href":"https:\/\/sabinevod-bosch.be\/wordpress\/wp-json\/wp\/v2\/pages\/2","targetHints":{"allow":["GET"]}}],"collection":[{"href":"https:\/\/sabinevod-bosch.be\/wordpress\/wp-json\/wp\/v2\/pages"}],"about":[{"href":"https:\/\/sabinevod-bosch.be\/wordpress\/wp-json\/wp\/v2\/types\/page"}],"author":[{"embeddable":true,"href":"https:\/\/sabinevod-bosch.be\/wordpress\/wp-json\/wp\/v2\/users\/1"}],"replies":[{"embeddable":true,"href":"https:\/\/sabinevod-bosch.be\/wordpress\/wp-json\/wp\/v2\/comments?post=2"}],"version-history":[{"count":1,"href":"https:\/\/sabinevod-bosch.be\/wordpress\/wp-json\/wp\/v2\/pages\/2\/revisions"}],"predecessor-version":[{"id":2870,"href":"https:\/\/sabinevod-bosch.be\/wordpress\/wp-json\/wp\/v2\/pages\/2\/revisions\/2870"}],"wp:attachment":[{"href":"https:\/\/sabinevod-bosch.be\/wordpress\/wp-json\/wp\/v2\/media?parent=2"}],"curies":[{"name":"wp","href":"https:\/\/api.w.org\/{rel}","templated":true}]}}